{"id":1302,"date":"2019-06-28T11:35:25","date_gmt":"2019-06-28T09:35:25","guid":{"rendered":"http:\/\/montsport-new.incubaliadev.com\/experiencia\/via-verda-via-blava\/"},"modified":"2025-07-25T12:22:12","modified_gmt":"2025-07-25T10:22:12","slug":"via-verde-via-azul","status":"publish","type":"product","link":"https:\/\/www.montsport.es\/es\/experiencia\/via-verde-via-azul\/","title":{"rendered":"V\u00cdA VERDE &amp; V\u00cdA AZUL"},"content":{"rendered":"<p>Pedalea por la Via Verde desde Horta hasta Benifallet donde admirar\u00e1s el paisaje de Parque Natural dels Ports sus bosques, monta\u00f1as, campos y t\u00faneles. Descubre el r\u00edo Ebro en kayak. Excursi\u00f3n de Miravet a Benifallet.<\/p>\n<p>&nbsp;<\/p>\n<p>La ruta en bici puede continuar hasta Tortosa. Al llegar a la ciudad hist\u00f3rica embarcar\u00e9is en el Sirgador, antigua embarcaci\u00f3n que recorr\u00eda por el r\u00edo. Observar\u00e9is la ciudad de forma distinta y tambi\u00e9n el ecosistema del Ebro. En finalizar, subida hasta Horta.<\/p>\n<p>&nbsp;<\/p>\n<p>La activiad incluye:<\/p>\n<ul>\n<li>Excursi\u00f3n en bicicleta de Horta-Benifallte: 3 horas<\/li>\n<li>Kayak por el Ebro: 3 horas<\/li>\n<li>Ruta en bici de Benifallet a Tortosa y ruta en lo Sirgador: horas +28\u20ac\/persona<\/li>\n<\/ul>\n","protected":false},"excerpt":{"rendered":"<p>Disfruta de las Terres de l\u2019Ebre por tierra y agua<\/p>\n","protected":false},"featured_media":1061,"comment_status":"closed","ping_status":"closed","template":"","meta":{"_acf_changed":false},"product_cat":[41],"product_tag":[],"acf":[],"yoast_head":"<!-- This site is optimized with the Yoast SEO plugin v22.9 - https:\/\/yoast.com\/wordpress\/plugins\/seo\/ -->\n<title>V\u00cdA VERDE &amp; V\u00cdA AZUL - Montsport<\/title>\n<meta name=\"robots\" content=\"index, follow, max-snippet:-1, max-image-preview:large, max-video-preview:-1\" \/>\n<link rel=\"canonical\" href=\"https:\/\/www.montsport.es\/es\/experiencia\/via-verde-via-azul\/\" \/>\n<meta property=\"og:locale\" content=\"es_ES\" \/>\n<meta property=\"og:type\" content=\"article\" \/>\n<meta property=\"og:title\" content=\"V\u00cdA VERDE &amp; V\u00cdA AZUL - Montsport\" \/>\n<meta property=\"og:description\" content=\"Disfruta de las Terres de l\u2019Ebre por tierra y agua\" \/>\n<meta property=\"og:url\" content=\"https:\/\/www.montsport.es\/es\/experiencia\/via-verde-via-azul\/\" \/>\n<meta property=\"og:site_name\" content=\"Montsport\" \/>\n<meta property=\"article:publisher\" content=\"https:\/\/www.facebook.com\/Montsport.horta\/\" \/>\n<meta property=\"article:modified_time\" content=\"2025-07-25T10:22:12+00:00\" \/>\n<meta property=\"og:image\" content=\"https:\/\/www.montsport.es\/wp-content\/uploads\/2019\/06\/P4140208.jpg\" \/>\n\t<meta property=\"og:image:width\" content=\"1600\" \/>\n\t<meta property=\"og:image:height\" content=\"1200\" \/>\n\t<meta property=\"og:image:type\" content=\"image\/jpeg\" \/>\n<meta name=\"twitter:card\" content=\"summary_large_image\" \/>\n<meta name=\"twitter:site\" content=\"@montsport_horta\" \/>\n<meta name=\"twitter:label1\" content=\"Est. reading time\" \/>\n\t<meta name=\"twitter:data1\" content=\"1 minuto\" \/>\n<script type=\"application\/ld+json\" class=\"yoast-schema-graph\">{\"@context\":\"https:\/\/schema.org\",\"@graph\":[{\"@type\":\"WebPage\",\"@id\":\"https:\/\/www.montsport.es\/es\/experiencia\/via-verde-via-azul\/\",\"url\":\"https:\/\/www.montsport.es\/es\/experiencia\/via-verde-via-azul\/\",\"name\":\"V\u00cdA VERDE &amp; V\u00cdA AZUL - Montsport\",\"isPartOf\":{\"@id\":\"https:\/\/www.montsport.es\/es\/#website\"},\"primaryImageOfPage\":{\"@id\":\"https:\/\/www.montsport.es\/es\/experiencia\/via-verde-via-azul\/#primaryimage\"},\"image\":{\"@id\":\"https:\/\/www.montsport.es\/es\/experiencia\/via-verde-via-azul\/#primaryimage\"},\"thumbnailUrl\":\"https:\/\/www.montsport.es\/wp-content\/uploads\/2019\/06\/P4140208.jpg\",\"datePublished\":\"2019-06-28T09:35:25+00:00\",\"dateModified\":\"2025-07-25T10:22:12+00:00\",\"breadcrumb\":{\"@id\":\"https:\/\/www.montsport.es\/es\/experiencia\/via-verde-via-azul\/#breadcrumb\"},\"inLanguage\":\"es\",\"potentialAction\":[{\"@type\":\"ReadAction\",\"target\":[\"https:\/\/www.montsport.es\/es\/experiencia\/via-verde-via-azul\/\"]}]},{\"@type\":\"ImageObject\",\"inLanguage\":\"es\",\"@id\":\"https:\/\/www.montsport.es\/es\/experiencia\/via-verde-via-azul\/#primaryimage\",\"url\":\"https:\/\/www.montsport.es\/wp-content\/uploads\/2019\/06\/P4140208.jpg\",\"contentUrl\":\"https:\/\/www.montsport.es\/wp-content\/uploads\/2019\/06\/P4140208.jpg\",\"width\":1600,\"height\":1200,\"caption\":\"OLYMPUS DIGITAL CAMERA\"},{\"@type\":\"BreadcrumbList\",\"@id\":\"https:\/\/www.montsport.es\/es\/experiencia\/via-verde-via-azul\/#breadcrumb\",\"itemListElement\":[{\"@type\":\"ListItem\",\"position\":1,\"name\":\"Home\",\"item\":\"https:\/\/www.montsport.es\/es\/\"},{\"@type\":\"ListItem\",\"position\":2,\"name\":\"Experiencias\",\"item\":\"https:\/\/www.montsport.es\/experiencies-daventura-a-la-natura-a-horta-la-terra-alta\/\"},{\"@type\":\"ListItem\",\"position\":3,\"name\":\"V\u00cdA VERDE &amp; V\u00cdA AZUL\"}]},{\"@type\":\"WebSite\",\"@id\":\"https:\/\/www.montsport.es\/es\/#website\",\"url\":\"https:\/\/www.montsport.es\/es\/\",\"name\":\"Montsport\",\"description\":\"Descubre la Via Verde de la Tierras del Ebro y del Matarranya\",\"publisher\":{\"@id\":\"https:\/\/www.montsport.es\/es\/#organization\"},\"potentialAction\":[{\"@type\":\"SearchAction\",\"target\":{\"@type\":\"EntryPoint\",\"urlTemplate\":\"https:\/\/www.montsport.es\/es\/?s={search_term_string}\"},\"query-input\":\"required name=search_term_string\"}],\"inLanguage\":\"es\"},{\"@type\":\"Organization\",\"@id\":\"https:\/\/www.montsport.es\/es\/#organization\",\"name\":\"Montsport\",\"url\":\"https:\/\/www.montsport.es\/es\/\",\"logo\":{\"@type\":\"ImageObject\",\"inLanguage\":\"es\",\"@id\":\"https:\/\/www.montsport.es\/es\/#\/schema\/logo\/image\/\",\"url\":\"https:\/\/www.montsport.es\/wp-content\/uploads\/2019\/06\/logo-horitzontal.png\",\"contentUrl\":\"https:\/\/www.montsport.es\/wp-content\/uploads\/2019\/06\/logo-horitzontal.png\",\"width\":350,\"height\":100,\"caption\":\"Montsport\"},\"image\":{\"@id\":\"https:\/\/www.montsport.es\/es\/#\/schema\/logo\/image\/\"},\"sameAs\":[\"https:\/\/www.facebook.com\/Montsport.horta\/\",\"https:\/\/x.com\/montsport_horta\",\"https:\/\/www.instagram.com\/montsport\/\",\"https:\/\/www.youtube.com\/user\/MontSport10Horta\"]}]}<\/script>\n<!-- \/ Yoast SEO plugin. -->","yoast_head_json":{"title":"V\u00cdA VERDE &amp; V\u00cdA AZUL - Montsport","robots":{"index":"index","follow":"follow","max-snippet":"max-snippet:-1","max-image-preview":"max-image-preview:large","max-video-preview":"max-video-preview:-1"},"canonical":"https:\/\/www.montsport.es\/es\/experiencia\/via-verde-via-azul\/","og_locale":"es_ES","og_type":"article","og_title":"V\u00cdA VERDE &amp; V\u00cdA AZUL - Montsport","og_description":"Disfruta de las Terres de l\u2019Ebre por tierra y agua","og_url":"https:\/\/www.montsport.es\/es\/experiencia\/via-verde-via-azul\/","og_site_name":"Montsport","article_publisher":"https:\/\/www.facebook.com\/Montsport.horta\/","article_modified_time":"2025-07-25T10:22:12+00:00","og_image":[{"width":1600,"height":1200,"url":"https:\/\/www.montsport.es\/wp-content\/uploads\/2019\/06\/P4140208.jpg","type":"image\/jpeg"}],"twitter_card":"summary_large_image","twitter_site":"@montsport_horta","twitter_misc":{"Est. reading time":"1 minuto"},"schema":{"@context":"https:\/\/schema.org","@graph":[{"@type":"WebPage","@id":"https:\/\/www.montsport.es\/es\/experiencia\/via-verde-via-azul\/","url":"https:\/\/www.montsport.es\/es\/experiencia\/via-verde-via-azul\/","name":"V\u00cdA VERDE &amp; V\u00cdA AZUL - Montsport","isPartOf":{"@id":"https:\/\/www.montsport.es\/es\/#website"},"primaryImageOfPage":{"@id":"https:\/\/www.montsport.es\/es\/experiencia\/via-verde-via-azul\/#primaryimage"},"image":{"@id":"https:\/\/www.montsport.es\/es\/experiencia\/via-verde-via-azul\/#primaryimage"},"thumbnailUrl":"https:\/\/www.montsport.es\/wp-content\/uploads\/2019\/06\/P4140208.jpg","datePublished":"2019-06-28T09:35:25+00:00","dateModified":"2025-07-25T10:22:12+00:00","breadcrumb":{"@id":"https:\/\/www.montsport.es\/es\/experiencia\/via-verde-via-azul\/#breadcrumb"},"inLanguage":"es","potentialAction":[{"@type":"ReadAction","target":["https:\/\/www.montsport.es\/es\/experiencia\/via-verde-via-azul\/"]}]},{"@type":"ImageObject","inLanguage":"es","@id":"https:\/\/www.montsport.es\/es\/experiencia\/via-verde-via-azul\/#primaryimage","url":"https:\/\/www.montsport.es\/wp-content\/uploads\/2019\/06\/P4140208.jpg","contentUrl":"https:\/\/www.montsport.es\/wp-content\/uploads\/2019\/06\/P4140208.jpg","width":1600,"height":1200,"caption":"OLYMPUS DIGITAL CAMERA"},{"@type":"BreadcrumbList","@id":"https:\/\/www.montsport.es\/es\/experiencia\/via-verde-via-azul\/#breadcrumb","itemListElement":[{"@type":"ListItem","position":1,"name":"Home","item":"https:\/\/www.montsport.es\/es\/"},{"@type":"ListItem","position":2,"name":"Experiencias","item":"https:\/\/www.montsport.es\/experiencies-daventura-a-la-natura-a-horta-la-terra-alta\/"},{"@type":"ListItem","position":3,"name":"V\u00cdA VERDE &amp; V\u00cdA AZUL"}]},{"@type":"WebSite","@id":"https:\/\/www.montsport.es\/es\/#website","url":"https:\/\/www.montsport.es\/es\/","name":"Montsport","description":"Descubre la Via Verde de la Tierras del Ebro y del Matarranya","publisher":{"@id":"https:\/\/www.montsport.es\/es\/#organization"},"potentialAction":[{"@type":"SearchAction","target":{"@type":"EntryPoint","urlTemplate":"https:\/\/www.montsport.es\/es\/?s={search_term_string}"},"query-input":"required name=search_term_string"}],"inLanguage":"es"},{"@type":"Organization","@id":"https:\/\/www.montsport.es\/es\/#organization","name":"Montsport","url":"https:\/\/www.montsport.es\/es\/","logo":{"@type":"ImageObject","inLanguage":"es","@id":"https:\/\/www.montsport.es\/es\/#\/schema\/logo\/image\/","url":"https:\/\/www.montsport.es\/wp-content\/uploads\/2019\/06\/logo-horitzontal.png","contentUrl":"https:\/\/www.montsport.es\/wp-content\/uploads\/2019\/06\/logo-horitzontal.png","width":350,"height":100,"caption":"Montsport"},"image":{"@id":"https:\/\/www.montsport.es\/es\/#\/schema\/logo\/image\/"},"sameAs":["https:\/\/www.facebook.com\/Montsport.horta\/","https:\/\/x.com\/montsport_horta","https:\/\/www.instagram.com\/montsport\/","https:\/\/www.youtube.com\/user\/MontSport10Horta"]}]}},"_links":{"self":[{"href":"https:\/\/www.montsport.es\/es\/wp-json\/wp\/v2\/product\/1302"}],"collection":[{"href":"https:\/\/www.montsport.es\/es\/wp-json\/wp\/v2\/product"}],"about":[{"href":"https:\/\/www.montsport.es\/es\/wp-json\/wp\/v2\/types\/product"}],"replies":[{"embeddable":true,"href":"https:\/\/www.montsport.es\/es\/wp-json\/wp\/v2\/comments?post=1302"}],"wp:featuredmedia":[{"embeddable":true,"href":"https:\/\/www.montsport.es\/es\/wp-json\/wp\/v2\/media\/1061"}],"wp:attachment":[{"href":"https:\/\/www.montsport.es\/es\/wp-json\/wp\/v2\/media?parent=1302"}],"wp:term":[{"taxonomy":"product_cat","embeddable":true,"href":"https:\/\/www.montsport.es\/es\/wp-json\/wp\/v2\/product_cat?post=1302"},{"taxonomy":"product_tag","embeddable":true,"href":"https:\/\/www.montsport.es\/es\/wp-json\/wp\/v2\/product_tag?post=1302"}],"curies":[{"name":"wp","href":"https:\/\/api.w.org\/{rel}","templated":true}]}}