{"id":1316,"date":"2019-06-26T16:20:17","date_gmt":"2019-06-26T14:20:17","guid":{"rendered":"http:\/\/montsport-new.incubaliadev.com\/experiencia\/cicloturistica\/"},"modified":"2025-07-24T12:04:11","modified_gmt":"2025-07-24T10:04:11","slug":"cicloturistica","status":"publish","type":"product","link":"https:\/\/www.montsport.es\/es\/experiencia\/cicloturistica\/","title":{"rendered":"CICLOTUR\u00cdSITCA"},"content":{"rendered":"<p>Esta actividad incluye:<\/p>\n<p>OPCI\u00d3N 1<\/p>\n<p><strong>V\u00eda Verde del Parque Natural dels Ports al Delta de l&#8217;Ebro. 2 d\u00edas<\/strong><\/p>\n<ul>\n<li>Duraci\u00f3n: 8-10 horas<\/li>\n<li>Dificultad: baja<\/li>\n<li>Distancia: 85 km (50 km V\u00eda Verde, 35 km por el Delta de l&#8217;Ebro)<\/li>\n<li>Caracter\u00edsticas: empezamos en Horta y bajamos pedaleando hasta Tortosa. 2\u00ba d\u00eda de Tortosa al mar por los caminos del Delta<\/li>\n<\/ul>\n<p>OPCI\u00d3N 2<\/p>\n<p><strong>Entre vi\u00f1edos<\/strong><\/p>\n<ul>\n<li>Duraci\u00f3n: 3-5 horas<\/li>\n<li>Dificultad: mediana-baja<\/li>\n<li>Distancia: 25-40 km<\/li>\n<li>Caracter\u00edsticas: Empezamos en Batea y vamos a trav\u00e9s de caminos entre vi\u00f1edos hasta llegar a Vilalba dels Arcs. Incluye cata de vinos y aceites. Posible extensi\u00f3n por Corbera d\u2019Ebre y Gandesa<\/li>\n<\/ul>\n<p><strong>Ruta por Horta y Els Ports<\/strong><\/p>\n<ul>\n<li>Duraci\u00f3n: 4-5 horas<\/li>\n<li>Dificultad: mediana<\/li>\n<li>Distancia: 30 km<\/li>\n<li>Caracter\u00edsticas: Empezamos en Horta y pasamos por la bodega Vinyes del Convent. Continuamos hacemos parada en el r\u00edo para ba\u00f1arse. Pasamos por el pueblo de Arnes y recorrido por la V\u00eda Verde hasta llegar a Horta otra vez.<\/li>\n<\/ul>\n<p>Podemos adaptar las rutas y actividades a cada cliente. Si quer\u00e9is nos encargamos de buscar alg\u00fan restaurante y alojamiento.<\/p>\n","protected":false},"excerpt":{"rendered":"<p>Un fin de semana en bicicleta? Descubre nuestras tierras pedaleando!<\/p>\n","protected":false},"featured_media":15233,"comment_status":"closed","ping_status":"closed","template":"","meta":{"_acf_changed":false},"product_cat":[43],"product_tag":[],"acf":[],"yoast_head":"<!-- This site is optimized with the Yoast SEO plugin v22.9 - https:\/\/yoast.com\/wordpress\/plugins\/seo\/ -->\n<title>CICLOTUR\u00cdSITCA - Montsport<\/title>\n<meta name=\"robots\" content=\"index, follow, max-snippet:-1, max-image-preview:large, max-video-preview:-1\" \/>\n<link rel=\"canonical\" href=\"https:\/\/www.montsport.es\/es\/experiencia\/cicloturistica\/\" \/>\n<meta property=\"og:locale\" content=\"es_ES\" \/>\n<meta property=\"og:type\" content=\"article\" \/>\n<meta property=\"og:title\" content=\"CICLOTUR\u00cdSITCA - Montsport\" \/>\n<meta property=\"og:description\" content=\"Un fin de semana en bicicleta? Descubre nuestras tierras pedaleando!\" \/>\n<meta property=\"og:url\" content=\"https:\/\/www.montsport.es\/es\/experiencia\/cicloturistica\/\" \/>\n<meta property=\"og:site_name\" content=\"Montsport\" \/>\n<meta property=\"article:publisher\" content=\"https:\/\/www.facebook.com\/Montsport.horta\/\" \/>\n<meta property=\"article:modified_time\" content=\"2025-07-24T10:04:11+00:00\" \/>\n<meta property=\"og:image\" content=\"https:\/\/www.montsport.es\/wp-content\/uploads\/2020\/04\/tours.jpg\" \/>\n\t<meta property=\"og:image:width\" content=\"1600\" \/>\n\t<meta property=\"og:image:height\" content=\"1067\" \/>\n\t<meta property=\"og:image:type\" content=\"image\/jpeg\" \/>\n<meta name=\"twitter:card\" content=\"summary_large_image\" \/>\n<meta name=\"twitter:site\" content=\"@montsport_horta\" \/>\n<meta name=\"twitter:label1\" content=\"Est. reading time\" \/>\n\t<meta name=\"twitter:data1\" content=\"1 minuto\" \/>\n<script type=\"application\/ld+json\" class=\"yoast-schema-graph\">{\"@context\":\"https:\/\/schema.org\",\"@graph\":[{\"@type\":\"WebPage\",\"@id\":\"https:\/\/www.montsport.es\/es\/experiencia\/cicloturistica\/\",\"url\":\"https:\/\/www.montsport.es\/es\/experiencia\/cicloturistica\/\",\"name\":\"CICLOTUR\u00cdSITCA - Montsport\",\"isPartOf\":{\"@id\":\"https:\/\/www.montsport.es\/es\/#website\"},\"primaryImageOfPage\":{\"@id\":\"https:\/\/www.montsport.es\/es\/experiencia\/cicloturistica\/#primaryimage\"},\"image\":{\"@id\":\"https:\/\/www.montsport.es\/es\/experiencia\/cicloturistica\/#primaryimage\"},\"thumbnailUrl\":\"https:\/\/www.montsport.es\/wp-content\/uploads\/2020\/04\/tours.jpg\",\"datePublished\":\"2019-06-26T14:20:17+00:00\",\"dateModified\":\"2025-07-24T10:04:11+00:00\",\"breadcrumb\":{\"@id\":\"https:\/\/www.montsport.es\/es\/experiencia\/cicloturistica\/#breadcrumb\"},\"inLanguage\":\"es\",\"potentialAction\":[{\"@type\":\"ReadAction\",\"target\":[\"https:\/\/www.montsport.es\/es\/experiencia\/cicloturistica\/\"]}]},{\"@type\":\"ImageObject\",\"inLanguage\":\"es\",\"@id\":\"https:\/\/www.montsport.es\/es\/experiencia\/cicloturistica\/#primaryimage\",\"url\":\"https:\/\/www.montsport.es\/wp-content\/uploads\/2020\/04\/tours.jpg\",\"contentUrl\":\"https:\/\/www.montsport.es\/wp-content\/uploads\/2020\/04\/tours.jpg\",\"width\":1600,\"height\":1067,\"caption\":\"terra alta catalunya descobrir\"},{\"@type\":\"BreadcrumbList\",\"@id\":\"https:\/\/www.montsport.es\/es\/experiencia\/cicloturistica\/#breadcrumb\",\"itemListElement\":[{\"@type\":\"ListItem\",\"position\":1,\"name\":\"Home\",\"item\":\"https:\/\/www.montsport.es\/es\/\"},{\"@type\":\"ListItem\",\"position\":2,\"name\":\"Experiencias\",\"item\":\"https:\/\/www.montsport.es\/experiencies-daventura-a-la-natura-a-horta-la-terra-alta\/\"},{\"@type\":\"ListItem\",\"position\":3,\"name\":\"CICLOTUR\u00cdSITCA\"}]},{\"@type\":\"WebSite\",\"@id\":\"https:\/\/www.montsport.es\/es\/#website\",\"url\":\"https:\/\/www.montsport.es\/es\/\",\"name\":\"Montsport\",\"description\":\"Descubre la Via Verde de la Tierras del Ebro y del Matarranya\",\"publisher\":{\"@id\":\"https:\/\/www.montsport.es\/es\/#organization\"},\"potentialAction\":[{\"@type\":\"SearchAction\",\"target\":{\"@type\":\"EntryPoint\",\"urlTemplate\":\"https:\/\/www.montsport.es\/es\/?s={search_term_string}\"},\"query-input\":\"required name=search_term_string\"}],\"inLanguage\":\"es\"},{\"@type\":\"Organization\",\"@id\":\"https:\/\/www.montsport.es\/es\/#organization\",\"name\":\"Montsport\",\"url\":\"https:\/\/www.montsport.es\/es\/\",\"logo\":{\"@type\":\"ImageObject\",\"inLanguage\":\"es\",\"@id\":\"https:\/\/www.montsport.es\/es\/#\/schema\/logo\/image\/\",\"url\":\"https:\/\/www.montsport.es\/wp-content\/uploads\/2019\/06\/logo-horitzontal.png\",\"contentUrl\":\"https:\/\/www.montsport.es\/wp-content\/uploads\/2019\/06\/logo-horitzontal.png\",\"width\":350,\"height\":100,\"caption\":\"Montsport\"},\"image\":{\"@id\":\"https:\/\/www.montsport.es\/es\/#\/schema\/logo\/image\/\"},\"sameAs\":[\"https:\/\/www.facebook.com\/Montsport.horta\/\",\"https:\/\/x.com\/montsport_horta\",\"https:\/\/www.instagram.com\/montsport\/\",\"https:\/\/www.youtube.com\/user\/MontSport10Horta\"]}]}<\/script>\n<!-- \/ Yoast SEO plugin. -->","yoast_head_json":{"title":"CICLOTUR\u00cdSITCA - Montsport","robots":{"index":"index","follow":"follow","max-snippet":"max-snippet:-1","max-image-preview":"max-image-preview:large","max-video-preview":"max-video-preview:-1"},"canonical":"https:\/\/www.montsport.es\/es\/experiencia\/cicloturistica\/","og_locale":"es_ES","og_type":"article","og_title":"CICLOTUR\u00cdSITCA - Montsport","og_description":"Un fin de semana en bicicleta? Descubre nuestras tierras pedaleando!","og_url":"https:\/\/www.montsport.es\/es\/experiencia\/cicloturistica\/","og_site_name":"Montsport","article_publisher":"https:\/\/www.facebook.com\/Montsport.horta\/","article_modified_time":"2025-07-24T10:04:11+00:00","og_image":[{"width":1600,"height":1067,"url":"https:\/\/www.montsport.es\/wp-content\/uploads\/2020\/04\/tours.jpg","type":"image\/jpeg"}],"twitter_card":"summary_large_image","twitter_site":"@montsport_horta","twitter_misc":{"Est. reading time":"1 minuto"},"schema":{"@context":"https:\/\/schema.org","@graph":[{"@type":"WebPage","@id":"https:\/\/www.montsport.es\/es\/experiencia\/cicloturistica\/","url":"https:\/\/www.montsport.es\/es\/experiencia\/cicloturistica\/","name":"CICLOTUR\u00cdSITCA - Montsport","isPartOf":{"@id":"https:\/\/www.montsport.es\/es\/#website"},"primaryImageOfPage":{"@id":"https:\/\/www.montsport.es\/es\/experiencia\/cicloturistica\/#primaryimage"},"image":{"@id":"https:\/\/www.montsport.es\/es\/experiencia\/cicloturistica\/#primaryimage"},"thumbnailUrl":"https:\/\/www.montsport.es\/wp-content\/uploads\/2020\/04\/tours.jpg","datePublished":"2019-06-26T14:20:17+00:00","dateModified":"2025-07-24T10:04:11+00:00","breadcrumb":{"@id":"https:\/\/www.montsport.es\/es\/experiencia\/cicloturistica\/#breadcrumb"},"inLanguage":"es","potentialAction":[{"@type":"ReadAction","target":["https:\/\/www.montsport.es\/es\/experiencia\/cicloturistica\/"]}]},{"@type":"ImageObject","inLanguage":"es","@id":"https:\/\/www.montsport.es\/es\/experiencia\/cicloturistica\/#primaryimage","url":"https:\/\/www.montsport.es\/wp-content\/uploads\/2020\/04\/tours.jpg","contentUrl":"https:\/\/www.montsport.es\/wp-content\/uploads\/2020\/04\/tours.jpg","width":1600,"height":1067,"caption":"terra alta catalunya descobrir"},{"@type":"BreadcrumbList","@id":"https:\/\/www.montsport.es\/es\/experiencia\/cicloturistica\/#breadcrumb","itemListElement":[{"@type":"ListItem","position":1,"name":"Home","item":"https:\/\/www.montsport.es\/es\/"},{"@type":"ListItem","position":2,"name":"Experiencias","item":"https:\/\/www.montsport.es\/experiencies-daventura-a-la-natura-a-horta-la-terra-alta\/"},{"@type":"ListItem","position":3,"name":"CICLOTUR\u00cdSITCA"}]},{"@type":"WebSite","@id":"https:\/\/www.montsport.es\/es\/#website","url":"https:\/\/www.montsport.es\/es\/","name":"Montsport","description":"Descubre la Via Verde de la Tierras del Ebro y del Matarranya","publisher":{"@id":"https:\/\/www.montsport.es\/es\/#organization"},"potentialAction":[{"@type":"SearchAction","target":{"@type":"EntryPoint","urlTemplate":"https:\/\/www.montsport.es\/es\/?s={search_term_string}"},"query-input":"required name=search_term_string"}],"inLanguage":"es"},{"@type":"Organization","@id":"https:\/\/www.montsport.es\/es\/#organization","name":"Montsport","url":"https:\/\/www.montsport.es\/es\/","logo":{"@type":"ImageObject","inLanguage":"es","@id":"https:\/\/www.montsport.es\/es\/#\/schema\/logo\/image\/","url":"https:\/\/www.montsport.es\/wp-content\/uploads\/2019\/06\/logo-horitzontal.png","contentUrl":"https:\/\/www.montsport.es\/wp-content\/uploads\/2019\/06\/logo-horitzontal.png","width":350,"height":100,"caption":"Montsport"},"image":{"@id":"https:\/\/www.montsport.es\/es\/#\/schema\/logo\/image\/"},"sameAs":["https:\/\/www.facebook.com\/Montsport.horta\/","https:\/\/x.com\/montsport_horta","https:\/\/www.instagram.com\/montsport\/","https:\/\/www.youtube.com\/user\/MontSport10Horta"]}]}},"_links":{"self":[{"href":"https:\/\/www.montsport.es\/es\/wp-json\/wp\/v2\/product\/1316"}],"collection":[{"href":"https:\/\/www.montsport.es\/es\/wp-json\/wp\/v2\/product"}],"about":[{"href":"https:\/\/www.montsport.es\/es\/wp-json\/wp\/v2\/types\/product"}],"replies":[{"embeddable":true,"href":"https:\/\/www.montsport.es\/es\/wp-json\/wp\/v2\/comments?post=1316"}],"wp:featuredmedia":[{"embeddable":true,"href":"https:\/\/www.montsport.es\/es\/wp-json\/wp\/v2\/media\/15233"}],"wp:attachment":[{"href":"https:\/\/www.montsport.es\/es\/wp-json\/wp\/v2\/media?parent=1316"}],"wp:term":[{"taxonomy":"product_cat","embeddable":true,"href":"https:\/\/www.montsport.es\/es\/wp-json\/wp\/v2\/product_cat?post=1316"},{"taxonomy":"product_tag","embeddable":true,"href":"https:\/\/www.montsport.es\/es\/wp-json\/wp\/v2\/product_tag?post=1316"}],"curies":[{"name":"wp","href":"https:\/\/api.w.org\/{rel}","templated":true}]}}