{"id":57015,"date":"2024-03-21T13:30:57","date_gmt":"2024-03-21T12:30:57","guid":{"rendered":"https:\/\/www.montsport.es\/experiencia\/57015\/"},"modified":"2025-07-24T12:30:07","modified_gmt":"2025-07-24T10:30:07","slug":"57015","status":"publish","type":"product","link":"https:\/\/www.montsport.es\/es\/experiencia\/57015\/","title":{"rendered":"COMBI-FUN!"},"content":{"rendered":"<h2 style=\"text-align: left\"><strong>MULTIAVENTURA\u00a0 + RUTA EN BICICLETA<\/strong><\/h2>\n<h5><em>Campo de aventura rural LA CREVETA + BICI por la V\u00eda Verde hasta el R\u00cdO, 4km<\/em><\/h5>\n<p>La combinaci\u00f3n perfecta para disfrutar de una tarde de aventura a hOrta!<\/p>\n<p>TIROLINAS, PUENTS, CIRCUITOS, ROC\u00d3DROMO Y MUCHO M\u00c1S!<\/p>\n<p>A continuaci\u00f3n, cog\u00e9is la bicicleta en el mismo espacio y ruta en BICICLETA hasta el r\u00edo!<\/p>\n<p>Si os apetece, refrescaros en el assud del r\u00edo Algars!<\/p>\n<p>\u00a1No hay mejor fomra de disfrutar de las alturas, en 2 ruedas y en el agua!<\/p>\n<p>Precio: desde 25\u20ac (min. 4 pax)<\/p>\n<p>Duraci\u00f3n: max. 4 horas<\/p>\n<p>&nbsp;<\/p>\n<p><img fetchpriority=\"high\" decoding=\"async\" class=\"alignnone wp-image-57005\" src=\"https:\/\/www.montsport.es\/wp-content\/uploads\/2024\/03\/multi-roco-283x300.jpg\" alt=\"Multiaventura Terra Alta\" width=\"248\" height=\"263\" srcset=\"https:\/\/www.montsport.es\/wp-content\/uploads\/2024\/03\/multi-roco-283x300.jpg 283w, https:\/\/www.montsport.es\/wp-content\/uploads\/2024\/03\/multi-roco-966x1024.jpg 966w, https:\/\/www.montsport.es\/wp-content\/uploads\/2024\/03\/multi-roco-768x814.jpg 768w, https:\/\/www.montsport.es\/wp-content\/uploads\/2024\/03\/multi-roco-1449x1536.jpg 1449w, https:\/\/www.montsport.es\/wp-content\/uploads\/2024\/03\/multi-roco-600x636.jpg 600w, https:\/\/www.montsport.es\/wp-content\/uploads\/2024\/03\/multi-roco.jpg 1477w\" sizes=\"(max-width: 248px) 100vw, 248px\" \/> <img decoding=\"async\" class=\"alignnone wp-image-57008\" src=\"https:\/\/www.montsport.es\/wp-content\/uploads\/2024\/03\/DSCF3791-300x225.jpg\" alt=\"ponts i roc\u00f2drom\" width=\"298\" height=\"223\" srcset=\"https:\/\/www.montsport.es\/wp-content\/uploads\/2024\/03\/DSCF3791-300x225.jpg 300w, https:\/\/www.montsport.es\/wp-content\/uploads\/2024\/03\/DSCF3791-1024x768.jpg 1024w, https:\/\/www.montsport.es\/wp-content\/uploads\/2024\/03\/DSCF3791-768x576.jpg 768w, https:\/\/www.montsport.es\/wp-content\/uploads\/2024\/03\/DSCF3791-1536x1152.jpg 1536w, https:\/\/www.montsport.es\/wp-content\/uploads\/2024\/03\/DSCF3791-600x450.jpg 600w, https:\/\/www.montsport.es\/wp-content\/uploads\/2024\/03\/DSCF3791.jpg 1600w\" sizes=\"(max-width: 298px) 100vw, 298px\" \/> <img decoding=\"async\" class=\"alignnone size-medium wp-image-57011\" src=\"https:\/\/www.montsport.es\/wp-content\/uploads\/2024\/03\/pont-via-verda-lledo.-300x200.jpg\" alt=\"\" width=\"300\" height=\"200\" srcset=\"https:\/\/www.montsport.es\/wp-content\/uploads\/2024\/03\/pont-via-verda-lledo.-300x200.jpg 300w, https:\/\/www.montsport.es\/wp-content\/uploads\/2024\/03\/pont-via-verda-lledo.-1024x682.jpg 1024w, https:\/\/www.montsport.es\/wp-content\/uploads\/2024\/03\/pont-via-verda-lledo.-768x512.jpg 768w, https:\/\/www.montsport.es\/wp-content\/uploads\/2024\/03\/pont-via-verda-lledo.-1536x1023.jpg 1536w, https:\/\/www.montsport.es\/wp-content\/uploads\/2024\/03\/pont-via-verda-lledo.-600x400.jpg 600w, https:\/\/www.montsport.es\/wp-content\/uploads\/2024\/03\/pont-via-verda-lledo..jpg 1600w\" sizes=\"(max-width: 300px) 100vw, 300px\" \/><\/p>\n","protected":false},"excerpt":{"rendered":"<p><strong>Combinaciones de actividades a\u00e9reas<\/strong> (tirolinas, puentes,&#8230;), <strong>terrestre<\/strong> pedalando y <strong>acu\u00e1tica<\/strong> con la visita i ba\u00f1o al r\u00edo Algars<\/p>\n","protected":false},"featured_media":57007,"comment_status":"closed","ping_status":"closed","template":"","meta":{"_acf_changed":false},"product_cat":[41],"product_tag":[],"acf":[],"yoast_head":"<!-- This site is optimized with the Yoast SEO plugin v22.9 - https:\/\/yoast.com\/wordpress\/plugins\/seo\/ -->\n<title>COMBI-FUN! - Montsport<\/title>\n<meta name=\"robots\" content=\"index, follow, max-snippet:-1, max-image-preview:large, max-video-preview:-1\" \/>\n<link rel=\"canonical\" href=\"https:\/\/www.montsport.es\/es\/experiencia\/57015\/\" \/>\n<meta property=\"og:locale\" content=\"es_ES\" \/>\n<meta property=\"og:type\" content=\"article\" \/>\n<meta property=\"og:title\" content=\"COMBI-FUN! - Montsport\" \/>\n<meta property=\"og:description\" content=\"Combinaciones de actividades a\u00e9reas (tirolinas, puentes,...), terrestre pedalando y acu\u00e1tica con la visita i ba\u00f1o al r\u00edo Algars\" \/>\n<meta property=\"og:url\" content=\"https:\/\/www.montsport.es\/es\/experiencia\/57015\/\" \/>\n<meta property=\"og:site_name\" content=\"Montsport\" \/>\n<meta property=\"article:publisher\" content=\"https:\/\/www.facebook.com\/Montsport.horta\/\" \/>\n<meta property=\"article:modified_time\" content=\"2025-07-24T10:30:07+00:00\" \/>\n<meta property=\"og:image\" content=\"https:\/\/www.montsport.es\/wp-content\/uploads\/2024\/03\/multi-roco.jpg\" \/>\n\t<meta property=\"og:image:width\" content=\"1477\" \/>\n\t<meta property=\"og:image:height\" content=\"1566\" \/>\n\t<meta property=\"og:image:type\" content=\"image\/jpeg\" \/>\n<meta name=\"twitter:card\" content=\"summary_large_image\" \/>\n<meta name=\"twitter:site\" content=\"@montsport_horta\" \/>\n<script type=\"application\/ld+json\" class=\"yoast-schema-graph\">{\"@context\":\"https:\/\/schema.org\",\"@graph\":[{\"@type\":\"WebPage\",\"@id\":\"https:\/\/www.montsport.es\/es\/experiencia\/57015\/\",\"url\":\"https:\/\/www.montsport.es\/es\/experiencia\/57015\/\",\"name\":\"COMBI-FUN! - Montsport\",\"isPartOf\":{\"@id\":\"https:\/\/www.montsport.es\/es\/#website\"},\"primaryImageOfPage\":{\"@id\":\"https:\/\/www.montsport.es\/es\/experiencia\/57015\/#primaryimage\"},\"image\":{\"@id\":\"https:\/\/www.montsport.es\/es\/experiencia\/57015\/#primaryimage\"},\"thumbnailUrl\":\"https:\/\/www.montsport.es\/wp-content\/uploads\/2024\/03\/multi-roco.jpg\",\"datePublished\":\"2024-03-21T12:30:57+00:00\",\"dateModified\":\"2025-07-24T10:30:07+00:00\",\"breadcrumb\":{\"@id\":\"https:\/\/www.montsport.es\/es\/experiencia\/57015\/#breadcrumb\"},\"inLanguage\":\"es\",\"potentialAction\":[{\"@type\":\"ReadAction\",\"target\":[\"https:\/\/www.montsport.es\/es\/experiencia\/57015\/\"]}]},{\"@type\":\"ImageObject\",\"inLanguage\":\"es\",\"@id\":\"https:\/\/www.montsport.es\/es\/experiencia\/57015\/#primaryimage\",\"url\":\"https:\/\/www.montsport.es\/wp-content\/uploads\/2024\/03\/multi-roco.jpg\",\"contentUrl\":\"https:\/\/www.montsport.es\/wp-content\/uploads\/2024\/03\/multi-roco.jpg\",\"width\":1477,\"height\":1566,\"caption\":\"Multiaventura Terra Alta\"},{\"@type\":\"BreadcrumbList\",\"@id\":\"https:\/\/www.montsport.es\/es\/experiencia\/57015\/#breadcrumb\",\"itemListElement\":[{\"@type\":\"ListItem\",\"position\":1,\"name\":\"Home\",\"item\":\"https:\/\/www.montsport.es\/es\/\"},{\"@type\":\"ListItem\",\"position\":2,\"name\":\"Experiencias\",\"item\":\"https:\/\/www.montsport.es\/experiencies-daventura-a-la-natura-a-horta-la-terra-alta\/\"},{\"@type\":\"ListItem\",\"position\":3,\"name\":\"COMBI-FUN!\"}]},{\"@type\":\"WebSite\",\"@id\":\"https:\/\/www.montsport.es\/es\/#website\",\"url\":\"https:\/\/www.montsport.es\/es\/\",\"name\":\"Montsport\",\"description\":\"Descubre la Via Verde de la Tierras del Ebro y del Matarranya\",\"publisher\":{\"@id\":\"https:\/\/www.montsport.es\/es\/#organization\"},\"potentialAction\":[{\"@type\":\"SearchAction\",\"target\":{\"@type\":\"EntryPoint\",\"urlTemplate\":\"https:\/\/www.montsport.es\/es\/?s={search_term_string}\"},\"query-input\":\"required name=search_term_string\"}],\"inLanguage\":\"es\"},{\"@type\":\"Organization\",\"@id\":\"https:\/\/www.montsport.es\/es\/#organization\",\"name\":\"Montsport\",\"url\":\"https:\/\/www.montsport.es\/es\/\",\"logo\":{\"@type\":\"ImageObject\",\"inLanguage\":\"es\",\"@id\":\"https:\/\/www.montsport.es\/es\/#\/schema\/logo\/image\/\",\"url\":\"https:\/\/www.montsport.es\/wp-content\/uploads\/2019\/06\/logo-horitzontal.png\",\"contentUrl\":\"https:\/\/www.montsport.es\/wp-content\/uploads\/2019\/06\/logo-horitzontal.png\",\"width\":350,\"height\":100,\"caption\":\"Montsport\"},\"image\":{\"@id\":\"https:\/\/www.montsport.es\/es\/#\/schema\/logo\/image\/\"},\"sameAs\":[\"https:\/\/www.facebook.com\/Montsport.horta\/\",\"https:\/\/x.com\/montsport_horta\",\"https:\/\/www.instagram.com\/montsport\/\",\"https:\/\/www.youtube.com\/user\/MontSport10Horta\"]}]}<\/script>\n<!-- \/ Yoast SEO plugin. -->","yoast_head_json":{"title":"COMBI-FUN! - Montsport","robots":{"index":"index","follow":"follow","max-snippet":"max-snippet:-1","max-image-preview":"max-image-preview:large","max-video-preview":"max-video-preview:-1"},"canonical":"https:\/\/www.montsport.es\/es\/experiencia\/57015\/","og_locale":"es_ES","og_type":"article","og_title":"COMBI-FUN! - Montsport","og_description":"Combinaciones de actividades a\u00e9reas (tirolinas, puentes,...), terrestre pedalando y acu\u00e1tica con la visita i ba\u00f1o al r\u00edo Algars","og_url":"https:\/\/www.montsport.es\/es\/experiencia\/57015\/","og_site_name":"Montsport","article_publisher":"https:\/\/www.facebook.com\/Montsport.horta\/","article_modified_time":"2025-07-24T10:30:07+00:00","og_image":[{"width":1477,"height":1566,"url":"https:\/\/www.montsport.es\/wp-content\/uploads\/2024\/03\/multi-roco.jpg","type":"image\/jpeg"}],"twitter_card":"summary_large_image","twitter_site":"@montsport_horta","schema":{"@context":"https:\/\/schema.org","@graph":[{"@type":"WebPage","@id":"https:\/\/www.montsport.es\/es\/experiencia\/57015\/","url":"https:\/\/www.montsport.es\/es\/experiencia\/57015\/","name":"COMBI-FUN! - Montsport","isPartOf":{"@id":"https:\/\/www.montsport.es\/es\/#website"},"primaryImageOfPage":{"@id":"https:\/\/www.montsport.es\/es\/experiencia\/57015\/#primaryimage"},"image":{"@id":"https:\/\/www.montsport.es\/es\/experiencia\/57015\/#primaryimage"},"thumbnailUrl":"https:\/\/www.montsport.es\/wp-content\/uploads\/2024\/03\/multi-roco.jpg","datePublished":"2024-03-21T12:30:57+00:00","dateModified":"2025-07-24T10:30:07+00:00","breadcrumb":{"@id":"https:\/\/www.montsport.es\/es\/experiencia\/57015\/#breadcrumb"},"inLanguage":"es","potentialAction":[{"@type":"ReadAction","target":["https:\/\/www.montsport.es\/es\/experiencia\/57015\/"]}]},{"@type":"ImageObject","inLanguage":"es","@id":"https:\/\/www.montsport.es\/es\/experiencia\/57015\/#primaryimage","url":"https:\/\/www.montsport.es\/wp-content\/uploads\/2024\/03\/multi-roco.jpg","contentUrl":"https:\/\/www.montsport.es\/wp-content\/uploads\/2024\/03\/multi-roco.jpg","width":1477,"height":1566,"caption":"Multiaventura Terra Alta"},{"@type":"BreadcrumbList","@id":"https:\/\/www.montsport.es\/es\/experiencia\/57015\/#breadcrumb","itemListElement":[{"@type":"ListItem","position":1,"name":"Home","item":"https:\/\/www.montsport.es\/es\/"},{"@type":"ListItem","position":2,"name":"Experiencias","item":"https:\/\/www.montsport.es\/experiencies-daventura-a-la-natura-a-horta-la-terra-alta\/"},{"@type":"ListItem","position":3,"name":"COMBI-FUN!"}]},{"@type":"WebSite","@id":"https:\/\/www.montsport.es\/es\/#website","url":"https:\/\/www.montsport.es\/es\/","name":"Montsport","description":"Descubre la Via Verde de la Tierras del Ebro y del Matarranya","publisher":{"@id":"https:\/\/www.montsport.es\/es\/#organization"},"potentialAction":[{"@type":"SearchAction","target":{"@type":"EntryPoint","urlTemplate":"https:\/\/www.montsport.es\/es\/?s={search_term_string}"},"query-input":"required name=search_term_string"}],"inLanguage":"es"},{"@type":"Organization","@id":"https:\/\/www.montsport.es\/es\/#organization","name":"Montsport","url":"https:\/\/www.montsport.es\/es\/","logo":{"@type":"ImageObject","inLanguage":"es","@id":"https:\/\/www.montsport.es\/es\/#\/schema\/logo\/image\/","url":"https:\/\/www.montsport.es\/wp-content\/uploads\/2019\/06\/logo-horitzontal.png","contentUrl":"https:\/\/www.montsport.es\/wp-content\/uploads\/2019\/06\/logo-horitzontal.png","width":350,"height":100,"caption":"Montsport"},"image":{"@id":"https:\/\/www.montsport.es\/es\/#\/schema\/logo\/image\/"},"sameAs":["https:\/\/www.facebook.com\/Montsport.horta\/","https:\/\/x.com\/montsport_horta","https:\/\/www.instagram.com\/montsport\/","https:\/\/www.youtube.com\/user\/MontSport10Horta"]}]}},"_links":{"self":[{"href":"https:\/\/www.montsport.es\/es\/wp-json\/wp\/v2\/product\/57015"}],"collection":[{"href":"https:\/\/www.montsport.es\/es\/wp-json\/wp\/v2\/product"}],"about":[{"href":"https:\/\/www.montsport.es\/es\/wp-json\/wp\/v2\/types\/product"}],"replies":[{"embeddable":true,"href":"https:\/\/www.montsport.es\/es\/wp-json\/wp\/v2\/comments?post=57015"}],"wp:featuredmedia":[{"embeddable":true,"href":"https:\/\/www.montsport.es\/es\/wp-json\/wp\/v2\/media\/57007"}],"wp:attachment":[{"href":"https:\/\/www.montsport.es\/es\/wp-json\/wp\/v2\/media?parent=57015"}],"wp:term":[{"taxonomy":"product_cat","embeddable":true,"href":"https:\/\/www.montsport.es\/es\/wp-json\/wp\/v2\/product_cat?post=57015"},{"taxonomy":"product_tag","embeddable":true,"href":"https:\/\/www.montsport.es\/es\/wp-json\/wp\/v2\/product_tag?post=57015"}],"curies":[{"name":"wp","href":"https:\/\/api.w.org\/{rel}","templated":true}]}}