{"id":57975,"date":"2025-07-05T12:21:19","date_gmt":"2025-07-05T10:21:19","guid":{"rendered":"https:\/\/www.montsport.es\/experiencia\/57975\/"},"modified":"2025-10-25T12:27:59","modified_gmt":"2025-10-25T10:27:59","slug":"57975","status":"publish","type":"product","link":"https:\/\/www.montsport.es\/es\/experiencia\/57975\/","title":{"rendered":"hOrta ESCAPETOWN"},"content":{"rendered":"<div id=\"tw-container\" class=\"nev7se\" data-cp=\"1\" data-nnttsvi=\"1\" data-ntl-fpwrite=\"true\" data-sletp=\"false\" data-sm=\"1\" data-ssbp=\"false\" data-sugg-time=\"500\" data-sugg-url=\"https:\/\/clients1.google.com\/complete\/search\" data-uilc=\"es\" data-vil=\",af,af-ZA,am,am-ET,ar-EG,ar-AE,ar-KW,ar-QA,ar,ar-IL,ar-JO,ar-LB,ar-PS,az,az-AZ,bg,bg-BG,bn,bn-BD,bn-IN,ca,ca-es,cs,cs-CZ,de,de-DE,de-CH,de-AT,de-LI,en,en-US,en-CA,en-AU,en-NZ,en-GB,en-IN,en-KE,en-TZ,en-NG,en-GH,en-PH,en-ZA,es,es-ES,es-AR,es-UY,es-419,es-BO,es-CL,es-CR,es-CO,es-DO,es-EC,es-GT,es-HN,es-NI,es-PA,es-PE,es-PR,es-PY,es-SV,es-VE,es-MX,es-US,eu,eu-ES,fi,fi-FI,fr,fr-FR,fr-CH,fr-BE,gl,gl-ES,gu,gu-IN,he,he-IL,iw,iw-IL,hu,hu-HU,hy,hy-AM,id,id-ID,is,is-IS,it,it-IT,it-CH,ja,ja-JP,jv,jv-ID,ka,ka-GE,km,km-KH,kn,kn-IN,ko,ko-KR,la,lo,lo-LA,lv,lv-LV,ml,ml-IN,mr,mr-IN,ms,ms-MY,nl,nl-NL,nb,nb-NO,ne,ne-NP,pl,pl-PL,pt,pt-BR,pt-PT,ro,ro-RO,ru,ru-RU,si-LK,sk,sk-SK,sr,sr-RS,su,su-ID,sv,sv-SE,sw,sw-TZ,sw-KE,ta,ta-IN,ta-SG,ta-LK,ta-MY,te,te-IN,tr,tr-TR,ur,ur-PK,ur-IN,yue,yue-HK,yue-Hant-HK,zh-HK,zh,zh-CN,zh-cmn,zh-cmn-CN,zh-Hans,zh-Hans-CN,zh-cmn-Hans,zh-cmn-Hans-CN,cmn-CN,cmn-Hans,cmn-Hans-CN,zh-TW,zh-Hant-TW,cmn-TW,cmn-Hant-TW,zh-cmn-TW,zh-cmn-Hant-TW,zu,zu-ZA,hi,hi-IN,tl,tl-PH,pa,pa-IN\">\n<div id=\"tw-ob\" class=\"tw-src-ltr\">\n<div class=\"oSioSc\">\n<div id=\"tw-target\">\n<div id=\"kAz1tf\" class=\"g9WsWb PZPZlf\" data-attrid=\"tw-targetArea\" data-entityname=\"Google Translate\">\n<div id=\"tw-target-text-container\" class=\"tw-ta-container tw-nfl\" role=\"text\">\n<pre id=\"tw-target-text\" class=\"tw-data-text tw-text-large tw-ta\" dir=\"ltr\" data-placeholder=\"Traducci\u00f3n\" data-ved=\"2ahUKEwj1rsvZwaWOAxWVVEEAHRlgFZIQ3ewLegQICRAV\" aria-label=\"Texto traducido: \u00a1\u00a1EN BUSCA DEL CUADRO!! Escapetown para familias Han robado un cuadro muy importante. \u00bfMe ayuda a buscarlo? Descubre las pistas, QR, v\u00eddeos y enigmas que nos traer\u00e1n los rincones del municipio siguiendo las huellas de Picasso. Actividad familiar para conocer los espacios picassianos del municipio donde un joven Picasso vivi\u00f3 las experiencias m\u00e1s puras e inspiradoras de su vida. Adem\u00e1s, descubriremos que repiti\u00f3 y volvi\u00f3 a visitarnos durante todo un verano. No vino solo, lo hizo con su compa\u00f1era del momento Fernande Olivier. Ver\u00e1 de primera mano la importancia para el pintor de estas dos visitas y lo har\u00e1 de la mejor manera: \u00a1Jugando! \u00a1No nos perdamos! \u00bfSon buenos detectives? \u00bfLo encontrar\u00e1? \u00a1Empezamos! Las estancias de Pablo Picasso en Horta forne relativamente cortas en el tiempo pero intenso y profundo en sus efectos, tanto por la gente del pueblo como por la trayectoria vital y art\u00edstica del pintor. Aconsejamos visitar el Centro Picasso para irse con una idea m\u00e1s completa de la relaci\u00f3n y las vivencias del artista y &quot;Horta d'Ebro&quot;. Para reservar tu Escape llame al 690111804 Empieza en MONTSPORT (Medio Natural, 4 HUERTA)\"><span class=\"Y2IQFc\" lang=\"es\"><strong>\u00a1\u00a1EN BUSCA DEL CUADRO!!<\/strong>\r\n\r\n<em>Escapetown para familias<\/em>\r\n\r\n<strong>Han robado un cuadro muy importante.  \u00bfMe ayuda a buscarlo? Descubre las pistas, QR, v\u00eddeos y enigmas que nos traer\u00e1n los rincones del municipio siguiendo las huellas de Picasso<\/strong>. \r\n\r\nActividad familiar para conocer los espacios picassianos del municipio donde un joven Picasso vivi\u00f3 las experiencias m\u00e1s puras e inspiradoras de su vida. Adem\u00e1s, descubriremos que repiti\u00f3 y volvi\u00f3 a visitarnos durante todo un verano. No vino solo, lo hizo con su compa\u00f1era del momento Fernande Olivier. Ver\u00e1 de primera mano la importancia para el pintor de estas dos visitas y lo har\u00e1 de la mejor manera: \u00a1Jugando! \u00a1No nos perdamos! \u00bfSon buenos detectives? \u00bfLo encontrar\u00e1?\r\n\r\n\u00a1Empezamos! \r\n\r\nLas estancias de Pablo Picasso en Horta fueron relativamente cortas en el tiempo pero intensas y profundas en sus efectos, tanto para la gente del pueblo como para la trayectoria vital y art\u00edstica del pintor.\r\n\r\nAconsejamos visitar el Centro Picasso para irse con una idea m\u00e1s completa de la relaci\u00f3n y las vivencias del artista y \"Horta d'Ebro\".\r\n\r\n\r\n\r\nPara reservar tu Escape llame al 690111804\r\n\r\nEmpieza en MONTSPORT (Medio Natural, 4 HoRTA)<\/span><\/pre>\n<\/div>\n<div id=\"tw-target-rmn-container\" class=\"tw-target-rmn tw-ta-container tw-nfl\" role=\"text\">\n<pre id=\"tw-target-rmn\" class=\"tw-data-placeholder tw-text-small tw-ta\" dir=\"ltr\" data-placeholder=\"\"><img fetchpriority=\"high\" decoding=\"async\" class=\"alignnone size-medium wp-image-57965\" src=\"https:\/\/www.montsport.es\/wp-content\/uploads\/2025\/07\/DSC3633-300x200.jpg\" alt=\"\" width=\"300\" height=\"200\" srcset=\"https:\/\/www.montsport.es\/wp-content\/uploads\/2025\/07\/DSC3633-300x200.jpg 300w, https:\/\/www.montsport.es\/wp-content\/uploads\/2025\/07\/DSC3633-1024x684.jpg 1024w, https:\/\/www.montsport.es\/wp-content\/uploads\/2025\/07\/DSC3633-768x513.jpg 768w, https:\/\/www.montsport.es\/wp-content\/uploads\/2025\/07\/DSC3633-1536x1025.jpg 1536w, https:\/\/www.montsport.es\/wp-content\/uploads\/2025\/07\/DSC3633-600x401.jpg 600w, https:\/\/www.montsport.es\/wp-content\/uploads\/2025\/07\/DSC3633.jpg 1600w\" sizes=\"(max-width: 300px) 100vw, 300px\" \/>\r\n\r\n\r\n<img decoding=\"async\" class=\"alignnone size-medium wp-image-57971\" src=\"https:\/\/www.montsport.es\/wp-content\/uploads\/2025\/07\/DSC3966-300x200.jpg\" alt=\"escapetown\" width=\"300\" height=\"200\" srcset=\"https:\/\/www.montsport.es\/wp-content\/uploads\/2025\/07\/DSC3966-300x200.jpg 300w, https:\/\/www.montsport.es\/wp-content\/uploads\/2025\/07\/DSC3966-1024x684.jpg 1024w, https:\/\/www.montsport.es\/wp-content\/uploads\/2025\/07\/DSC3966-768x513.jpg 768w, https:\/\/www.montsport.es\/wp-content\/uploads\/2025\/07\/DSC3966-1536x1025.jpg 1536w, https:\/\/www.montsport.es\/wp-content\/uploads\/2025\/07\/DSC3966-600x401.jpg 600w, https:\/\/www.montsport.es\/wp-content\/uploads\/2025\/07\/DSC3966.jpg 1600w\" sizes=\"(max-width: 300px) 100vw, 300px\" \/><\/pre>\n<\/div>\n<div class=\"iYB33c\">\n<div id=\"tw-tmenu\" class=\"tw-menu\"><\/div>\n<\/div>\n<\/div>\n<\/div>\n<\/div>\n<\/div>\n<div id=\"tw-images\"><\/div>\n<div class=\"dURPtb\"><\/div>\n<div>\n<div><\/div>\n<\/div>\n<\/div>\n<div class=\"KFFQ0c xKf9F\"><\/div>\n","protected":false},"excerpt":{"rendered":"<p>Escapetown familiar por las calles de hOrta siguiendo los pasos de un joven Picasso encontraremos el cuadro robado<\/p>\n","protected":false},"featured_media":57970,"comment_status":"closed","ping_status":"closed","template":"","meta":{"_acf_changed":false},"product_cat":[41],"product_tag":[],"acf":[],"yoast_head":"<!-- This site is optimized with the Yoast SEO plugin v22.9 - https:\/\/yoast.com\/wordpress\/plugins\/seo\/ -->\n<title>hOrta ESCAPETOWN - Montsport<\/title>\n<meta name=\"robots\" content=\"index, follow, max-snippet:-1, max-image-preview:large, max-video-preview:-1\" \/>\n<link rel=\"canonical\" href=\"https:\/\/www.montsport.es\/es\/experiencia\/57975\/\" \/>\n<meta property=\"og:locale\" content=\"es_ES\" \/>\n<meta property=\"og:type\" content=\"article\" \/>\n<meta property=\"og:title\" content=\"hOrta ESCAPETOWN - Montsport\" \/>\n<meta property=\"og:description\" content=\"Escapetown familiar por las calles de hOrta siguiendo los pasos de un joven Picasso encontraremos el cuadro robado\" \/>\n<meta property=\"og:url\" content=\"https:\/\/www.montsport.es\/es\/experiencia\/57975\/\" \/>\n<meta property=\"og:site_name\" content=\"Montsport\" \/>\n<meta property=\"article:publisher\" content=\"https:\/\/www.facebook.com\/Montsport.horta\/\" \/>\n<meta property=\"article:modified_time\" content=\"2025-10-25T10:27:59+00:00\" \/>\n<meta property=\"og:image\" content=\"https:\/\/www.montsport.es\/wp-content\/uploads\/2025\/07\/DSC3719.jpg\" \/>\n\t<meta property=\"og:image:width\" content=\"1068\" \/>\n\t<meta property=\"og:image:height\" content=\"1600\" \/>\n\t<meta property=\"og:image:type\" content=\"image\/jpeg\" \/>\n<meta name=\"twitter:card\" content=\"summary_large_image\" \/>\n<meta name=\"twitter:site\" content=\"@montsport_horta\" \/>\n<meta name=\"twitter:label1\" content=\"Est. reading time\" \/>\n\t<meta name=\"twitter:data1\" content=\"1 minuto\" \/>\n<script type=\"application\/ld+json\" class=\"yoast-schema-graph\">{\"@context\":\"https:\/\/schema.org\",\"@graph\":[{\"@type\":\"WebPage\",\"@id\":\"https:\/\/www.montsport.es\/es\/experiencia\/57975\/\",\"url\":\"https:\/\/www.montsport.es\/es\/experiencia\/57975\/\",\"name\":\"hOrta ESCAPETOWN - Montsport\",\"isPartOf\":{\"@id\":\"https:\/\/www.montsport.es\/es\/#website\"},\"primaryImageOfPage\":{\"@id\":\"https:\/\/www.montsport.es\/es\/experiencia\/57975\/#primaryimage\"},\"image\":{\"@id\":\"https:\/\/www.montsport.es\/es\/experiencia\/57975\/#primaryimage\"},\"thumbnailUrl\":\"https:\/\/www.montsport.es\/wp-content\/uploads\/2025\/07\/DSC3719.jpg\",\"datePublished\":\"2025-07-05T10:21:19+00:00\",\"dateModified\":\"2025-10-25T10:27:59+00:00\",\"breadcrumb\":{\"@id\":\"https:\/\/www.montsport.es\/es\/experiencia\/57975\/#breadcrumb\"},\"inLanguage\":\"es\",\"potentialAction\":[{\"@type\":\"ReadAction\",\"target\":[\"https:\/\/www.montsport.es\/es\/experiencia\/57975\/\"]}]},{\"@type\":\"ImageObject\",\"inLanguage\":\"es\",\"@id\":\"https:\/\/www.montsport.es\/es\/experiencia\/57975\/#primaryimage\",\"url\":\"https:\/\/www.montsport.es\/wp-content\/uploads\/2025\/07\/DSC3719.jpg\",\"contentUrl\":\"https:\/\/www.montsport.es\/wp-content\/uploads\/2025\/07\/DSC3719.jpg\",\"width\":1068,\"height\":1600,\"caption\":\"hOrta ESCAPETOWN\"},{\"@type\":\"BreadcrumbList\",\"@id\":\"https:\/\/www.montsport.es\/es\/experiencia\/57975\/#breadcrumb\",\"itemListElement\":[{\"@type\":\"ListItem\",\"position\":1,\"name\":\"Home\",\"item\":\"https:\/\/www.montsport.es\/es\/\"},{\"@type\":\"ListItem\",\"position\":2,\"name\":\"Experiencias\",\"item\":\"https:\/\/www.montsport.es\/experiencies-daventura-a-la-natura-a-horta-la-terra-alta\/\"},{\"@type\":\"ListItem\",\"position\":3,\"name\":\"hOrta ESCAPETOWN\"}]},{\"@type\":\"WebSite\",\"@id\":\"https:\/\/www.montsport.es\/es\/#website\",\"url\":\"https:\/\/www.montsport.es\/es\/\",\"name\":\"Montsport\",\"description\":\"Descubre la Via Verde de la Tierras del Ebro y del Matarranya\",\"publisher\":{\"@id\":\"https:\/\/www.montsport.es\/es\/#organization\"},\"potentialAction\":[{\"@type\":\"SearchAction\",\"target\":{\"@type\":\"EntryPoint\",\"urlTemplate\":\"https:\/\/www.montsport.es\/es\/?s={search_term_string}\"},\"query-input\":\"required name=search_term_string\"}],\"inLanguage\":\"es\"},{\"@type\":\"Organization\",\"@id\":\"https:\/\/www.montsport.es\/es\/#organization\",\"name\":\"Montsport\",\"url\":\"https:\/\/www.montsport.es\/es\/\",\"logo\":{\"@type\":\"ImageObject\",\"inLanguage\":\"es\",\"@id\":\"https:\/\/www.montsport.es\/es\/#\/schema\/logo\/image\/\",\"url\":\"https:\/\/www.montsport.es\/wp-content\/uploads\/2019\/06\/logo-horitzontal.png\",\"contentUrl\":\"https:\/\/www.montsport.es\/wp-content\/uploads\/2019\/06\/logo-horitzontal.png\",\"width\":350,\"height\":100,\"caption\":\"Montsport\"},\"image\":{\"@id\":\"https:\/\/www.montsport.es\/es\/#\/schema\/logo\/image\/\"},\"sameAs\":[\"https:\/\/www.facebook.com\/Montsport.horta\/\",\"https:\/\/x.com\/montsport_horta\",\"https:\/\/www.instagram.com\/montsport\/\",\"https:\/\/www.youtube.com\/user\/MontSport10Horta\"]}]}<\/script>\n<!-- \/ Yoast SEO plugin. -->","yoast_head_json":{"title":"hOrta ESCAPETOWN - Montsport","robots":{"index":"index","follow":"follow","max-snippet":"max-snippet:-1","max-image-preview":"max-image-preview:large","max-video-preview":"max-video-preview:-1"},"canonical":"https:\/\/www.montsport.es\/es\/experiencia\/57975\/","og_locale":"es_ES","og_type":"article","og_title":"hOrta ESCAPETOWN - Montsport","og_description":"Escapetown familiar por las calles de hOrta siguiendo los pasos de un joven Picasso encontraremos el cuadro robado","og_url":"https:\/\/www.montsport.es\/es\/experiencia\/57975\/","og_site_name":"Montsport","article_publisher":"https:\/\/www.facebook.com\/Montsport.horta\/","article_modified_time":"2025-10-25T10:27:59+00:00","og_image":[{"width":1068,"height":1600,"url":"https:\/\/www.montsport.es\/wp-content\/uploads\/2025\/07\/DSC3719.jpg","type":"image\/jpeg"}],"twitter_card":"summary_large_image","twitter_site":"@montsport_horta","twitter_misc":{"Est. reading time":"1 minuto"},"schema":{"@context":"https:\/\/schema.org","@graph":[{"@type":"WebPage","@id":"https:\/\/www.montsport.es\/es\/experiencia\/57975\/","url":"https:\/\/www.montsport.es\/es\/experiencia\/57975\/","name":"hOrta ESCAPETOWN - Montsport","isPartOf":{"@id":"https:\/\/www.montsport.es\/es\/#website"},"primaryImageOfPage":{"@id":"https:\/\/www.montsport.es\/es\/experiencia\/57975\/#primaryimage"},"image":{"@id":"https:\/\/www.montsport.es\/es\/experiencia\/57975\/#primaryimage"},"thumbnailUrl":"https:\/\/www.montsport.es\/wp-content\/uploads\/2025\/07\/DSC3719.jpg","datePublished":"2025-07-05T10:21:19+00:00","dateModified":"2025-10-25T10:27:59+00:00","breadcrumb":{"@id":"https:\/\/www.montsport.es\/es\/experiencia\/57975\/#breadcrumb"},"inLanguage":"es","potentialAction":[{"@type":"ReadAction","target":["https:\/\/www.montsport.es\/es\/experiencia\/57975\/"]}]},{"@type":"ImageObject","inLanguage":"es","@id":"https:\/\/www.montsport.es\/es\/experiencia\/57975\/#primaryimage","url":"https:\/\/www.montsport.es\/wp-content\/uploads\/2025\/07\/DSC3719.jpg","contentUrl":"https:\/\/www.montsport.es\/wp-content\/uploads\/2025\/07\/DSC3719.jpg","width":1068,"height":1600,"caption":"hOrta ESCAPETOWN"},{"@type":"BreadcrumbList","@id":"https:\/\/www.montsport.es\/es\/experiencia\/57975\/#breadcrumb","itemListElement":[{"@type":"ListItem","position":1,"name":"Home","item":"https:\/\/www.montsport.es\/es\/"},{"@type":"ListItem","position":2,"name":"Experiencias","item":"https:\/\/www.montsport.es\/experiencies-daventura-a-la-natura-a-horta-la-terra-alta\/"},{"@type":"ListItem","position":3,"name":"hOrta ESCAPETOWN"}]},{"@type":"WebSite","@id":"https:\/\/www.montsport.es\/es\/#website","url":"https:\/\/www.montsport.es\/es\/","name":"Montsport","description":"Descubre la Via Verde de la Tierras del Ebro y del Matarranya","publisher":{"@id":"https:\/\/www.montsport.es\/es\/#organization"},"potentialAction":[{"@type":"SearchAction","target":{"@type":"EntryPoint","urlTemplate":"https:\/\/www.montsport.es\/es\/?s={search_term_string}"},"query-input":"required name=search_term_string"}],"inLanguage":"es"},{"@type":"Organization","@id":"https:\/\/www.montsport.es\/es\/#organization","name":"Montsport","url":"https:\/\/www.montsport.es\/es\/","logo":{"@type":"ImageObject","inLanguage":"es","@id":"https:\/\/www.montsport.es\/es\/#\/schema\/logo\/image\/","url":"https:\/\/www.montsport.es\/wp-content\/uploads\/2019\/06\/logo-horitzontal.png","contentUrl":"https:\/\/www.montsport.es\/wp-content\/uploads\/2019\/06\/logo-horitzontal.png","width":350,"height":100,"caption":"Montsport"},"image":{"@id":"https:\/\/www.montsport.es\/es\/#\/schema\/logo\/image\/"},"sameAs":["https:\/\/www.facebook.com\/Montsport.horta\/","https:\/\/x.com\/montsport_horta","https:\/\/www.instagram.com\/montsport\/","https:\/\/www.youtube.com\/user\/MontSport10Horta"]}]}},"_links":{"self":[{"href":"https:\/\/www.montsport.es\/es\/wp-json\/wp\/v2\/product\/57975"}],"collection":[{"href":"https:\/\/www.montsport.es\/es\/wp-json\/wp\/v2\/product"}],"about":[{"href":"https:\/\/www.montsport.es\/es\/wp-json\/wp\/v2\/types\/product"}],"replies":[{"embeddable":true,"href":"https:\/\/www.montsport.es\/es\/wp-json\/wp\/v2\/comments?post=57975"}],"wp:featuredmedia":[{"embeddable":true,"href":"https:\/\/www.montsport.es\/es\/wp-json\/wp\/v2\/media\/57970"}],"wp:attachment":[{"href":"https:\/\/www.montsport.es\/es\/wp-json\/wp\/v2\/media?parent=57975"}],"wp:term":[{"taxonomy":"product_cat","embeddable":true,"href":"https:\/\/www.montsport.es\/es\/wp-json\/wp\/v2\/product_cat?post=57975"},{"taxonomy":"product_tag","embeddable":true,"href":"https:\/\/www.montsport.es\/es\/wp-json\/wp\/v2\/product_tag?post=57975"}],"curies":[{"name":"wp","href":"https:\/\/api.w.org\/{rel}","templated":true}]}}