{"id":58297,"date":"2025-11-05T18:15:20","date_gmt":"2025-11-05T17:15:20","guid":{"rendered":"https:\/\/www.montsport.es\/experiencia\/silver-travel\/"},"modified":"2025-11-06T12:19:20","modified_gmt":"2025-11-06T11:19:20","slug":"silver-travel","status":"publish","type":"product","link":"https:\/\/www.montsport.es\/es\/experiencia\/silver-travel\/","title":{"rendered":"SILVER TRAVEL"},"content":{"rendered":"<h1 style=\"text-align: center\">EXPERIENCIA SILVER<\/h1>\n<p style=\"text-align: center\"><span class=\"Y2IQFc\" lang=\"es\">Os brindamos una visita guiada por las calles del municipio para admirar la arquitectura medieval y renacentista. Adem\u00e1s, descubrir\u00e1 las huellas de un joven Picasso que vivi\u00f3 en Horta en dos ocasiones. Estas estancias fueron tan profundas que el artista dijo durante toda su vida: \u00abTodo lo que s\u00e9, lo he aprendido en Horta\u00bb. Por tanto, la visita al Centro Picasso de Orta ser\u00e1 parada obligada a la visita para entender, a\u00fan mejor a trav\u00e9s de su lenguaje, el testimonio de la vida rural de finales del siglo XIX y principios del XX en el municipio. <\/span><\/p>\n<p style=\"text-align: center\"><span class=\"Y2IQFc\" lang=\"es\">Para continuar, la siguiente experiencia nos lleva a gozar del patrimonio natural que rodea Horta. La naturaleza ha sido generosa en nuestra regi\u00f3n y, por tanto, nos adentraremos en el Parque Natural de Els Ports, un lugar \u00fanico por su flora y fauna y sus monta\u00f1as tan singulares y escarpadas. Enfilaremos pista adentro para visitar algunas mas\u00edas y rincones incre\u00edbles. Para finalizar, saborearemos algunos productos locales en medio de la naturaleza para despedirnos con buen sabor de boca.<\/span><\/p>\n<pre class=\"tw-data-text tw-text-large tw-ta\" dir=\"ltr\" role=\"text\" data-placeholder=\"Traducci\u00f3\" data-ved=\"2ahUKEwiWzLa4rt2QAxXSOfsDHX6iHTQQ3ewLegQICxAW\" aria-label=\"Text tradu\u00eft: M\u00ednimo 4 personas Actividades complementarias: Taller pintura \u2013 Cata de aceites DOP Terra Alta \u2013 Cata de vinos DO Terra Alta \u2013 Masaje Hol\u00edstico \u2013 Rutas Senderistas \u2013 Otros tours Recomendaciones y otras gestiones: Comida en un restaurante de la zona \u2013 Alojamiento \u00a1No te pierdas esta oportunidad! \u00a1Visita hOrta!\"><span class=\"Y2IQFc\" lang=\"es\"><em>M\u00ednimo 4 personas<\/em>\r\n\r\nActividades complementarias: Taller pintura \u2013 Cata de aceites DOP Terra Alta \u2013 Cata de vinos DO Terra Alta \u2013 Masaje Hol\u00edstico \u2013 Rutas Senderistas \u2013 Otros tours\r\n\r\nRecomendaciones y otras gestiones: Comida en un restaurante de la zona \u2013 Alojamiento\r\n\r\n\u00a1No te pierdas esta oportunidad! \u00a1Visita hOrta!\r\n<\/span><\/pre>\n<p><img fetchpriority=\"high\" decoding=\"async\" class=\"size-medium wp-image-58289\" src=\"https:\/\/www.montsport.es\/wp-content\/uploads\/2025\/11\/mujer-alegre-con-pelo-corto-y-mochila-con-gafas-de-sol-y-blusa-rayas-mirando-al-hombre-con-bigote-en-camisa-blanca-con-camara-al-aire-libre-300x200.jpg\" alt=\"silver turisme\" width=\"300\" height=\"200\" srcset=\"https:\/\/www.montsport.es\/wp-content\/uploads\/2025\/11\/mujer-alegre-con-pelo-corto-y-mochila-con-gafas-de-sol-y-blusa-rayas-mirando-al-hombre-con-bigote-en-camisa-blanca-con-camara-al-aire-libre-300x200.jpg 300w, https:\/\/www.montsport.es\/wp-content\/uploads\/2025\/11\/mujer-alegre-con-pelo-corto-y-mochila-con-gafas-de-sol-y-blusa-rayas-mirando-al-hombre-con-bigote-en-camisa-blanca-con-camara-al-aire-libre-1024x683.jpg 1024w, https:\/\/www.montsport.es\/wp-content\/uploads\/2025\/11\/mujer-alegre-con-pelo-corto-y-mochila-con-gafas-de-sol-y-blusa-rayas-mirando-al-hombre-con-bigote-en-camisa-blanca-con-camara-al-aire-libre-768x512.jpg 768w, https:\/\/www.montsport.es\/wp-content\/uploads\/2025\/11\/mujer-alegre-con-pelo-corto-y-mochila-con-gafas-de-sol-y-blusa-rayas-mirando-al-hombre-con-bigote-en-camisa-blanca-con-camara-al-aire-libre-1536x1024.jpg 1536w, https:\/\/www.montsport.es\/wp-content\/uploads\/2025\/11\/mujer-alegre-con-pelo-corto-y-mochila-con-gafas-de-sol-y-blusa-rayas-mirando-al-hombre-con-bigote-en-camisa-blanca-con-camara-al-aire-libre-600x400.jpg 600w, https:\/\/www.montsport.es\/wp-content\/uploads\/2025\/11\/mujer-alegre-con-pelo-corto-y-mochila-con-gafas-de-sol-y-blusa-rayas-mirando-al-hombre-con-bigote-en-camisa-blanca-con-camara-al-aire-libre.jpg 1600w\" sizes=\"(max-width: 300px) 100vw, 300px\" \/><\/p>\n<p><img decoding=\"async\" class=\"alignnone size-medium wp-image-58286\" src=\"https:\/\/www.montsport.es\/wp-content\/uploads\/2025\/11\/personas-mayores-de-tiro-medio-caminando-juntos-300x200.jpg\" alt=\"visita guiada horta\" width=\"300\" height=\"200\" srcset=\"https:\/\/www.montsport.es\/wp-content\/uploads\/2025\/11\/personas-mayores-de-tiro-medio-caminando-juntos-300x200.jpg 300w, https:\/\/www.montsport.es\/wp-content\/uploads\/2025\/11\/personas-mayores-de-tiro-medio-caminando-juntos-1024x683.jpg 1024w, https:\/\/www.montsport.es\/wp-content\/uploads\/2025\/11\/personas-mayores-de-tiro-medio-caminando-juntos-768x512.jpg 768w, https:\/\/www.montsport.es\/wp-content\/uploads\/2025\/11\/personas-mayores-de-tiro-medio-caminando-juntos-1536x1024.jpg 1536w, https:\/\/www.montsport.es\/wp-content\/uploads\/2025\/11\/personas-mayores-de-tiro-medio-caminando-juntos-600x400.jpg 600w, https:\/\/www.montsport.es\/wp-content\/uploads\/2025\/11\/personas-mayores-de-tiro-medio-caminando-juntos.jpg 1600w\" sizes=\"(max-width: 300px) 100vw, 300px\" \/><\/p>\n<pre id=\"tw-target-text\" class=\"tw-data-text tw-text-large tw-ta\" dir=\"ltr\" role=\"text\" data-placeholder=\"Traducci\u00f3\" data-ved=\"2ahUKEwiWzLa4rt2QAxXSOfsDHX6iHTQQ3ewLegQICxAW\" aria-label=\"Text tradu\u00eft: M\u00ednimo 4 personas Actividades complementarias: Taller pintura \u2013 Cata de aceites DOP Terra Alta \u2013 Cata de vinos DO Terra Alta \u2013 Masaje Hol\u00edstico \u2013 Rutas Senderistas \u2013 Otros tours Recomendaciones y otras gestiones: Comida en un restaurante de la zona \u2013 Alojamiento \u00a1No te pierdas esta oportunidad! \u00a1Visita hOrta!\"><span class=\"Y2IQFc\" lang=\"es\">\r\n\r\n<\/span><\/pre>\n","protected":false},"excerpt":{"rendered":"<pre id=\"tw-target-text\" class=\"tw-data-text tw-text-large tw-ta\" dir=\"ltr\" role=\"text\" data-placeholder=\"Traducci\u00f3\" data-ved=\"2ahUKEwiWzLa4rt2QAxXSOfsDHX6iHTQQ3ewLegQICxAW\" aria-label=\"Text tradu\u00eft: Experiencia exclusivamente dedicada al turista silver, el viajero que visita Horta de Sant Joan y sabe valorar las actividades y tiene tiempo para disfrutarlas\"><span class=\"Y2IQFc\" lang=\"es\">Experiencia exclusivamente dedicada al turista silver, el viajero que visita Horta de Sant Joan y sabe valorar las actividades y tiene tiempo para disfrutarlas<\/span><\/pre>\n","protected":false},"featured_media":58294,"comment_status":"closed","ping_status":"closed","template":"","meta":{"_acf_changed":false},"product_cat":[41],"product_tag":[],"acf":[],"yoast_head":"<!-- This site is optimized with the Yoast SEO plugin v22.9 - https:\/\/yoast.com\/wordpress\/plugins\/seo\/ -->\n<title>SILVER TRAVEL - Montsport<\/title>\n<meta name=\"robots\" content=\"index, follow, max-snippet:-1, max-image-preview:large, max-video-preview:-1\" \/>\n<link rel=\"canonical\" href=\"https:\/\/www.montsport.es\/es\/experiencia\/silver-travel\/\" \/>\n<meta property=\"og:locale\" content=\"es_ES\" \/>\n<meta property=\"og:type\" content=\"article\" \/>\n<meta property=\"og:title\" content=\"SILVER TRAVEL - Montsport\" \/>\n<meta property=\"og:description\" content=\"Experiencia exclusivamente dedicada al turista silver, el viajero que visita Horta de Sant Joan y sabe valorar las actividades y tiene tiempo para disfrutarlas\" \/>\n<meta property=\"og:url\" content=\"https:\/\/www.montsport.es\/es\/experiencia\/silver-travel\/\" \/>\n<meta property=\"og:site_name\" content=\"Montsport\" \/>\n<meta property=\"article:publisher\" content=\"https:\/\/www.facebook.com\/Montsport.horta\/\" \/>\n<meta property=\"article:modified_time\" content=\"2025-11-06T11:19:20+00:00\" \/>\n<meta property=\"og:image\" content=\"https:\/\/www.montsport.es\/wp-content\/uploads\/2025\/11\/dos-mujeres-mayores-cruzando-un-puente-de-piedra-mientras-estan-en-la-naturaleza.jpg\" \/>\n\t<meta property=\"og:image:width\" content=\"1600\" \/>\n\t<meta property=\"og:image:height\" content=\"1067\" \/>\n\t<meta property=\"og:image:type\" content=\"image\/jpeg\" \/>\n<meta name=\"twitter:card\" content=\"summary_large_image\" \/>\n<meta name=\"twitter:site\" content=\"@montsport_horta\" \/>\n<meta name=\"twitter:label1\" content=\"Est. reading time\" \/>\n\t<meta name=\"twitter:data1\" content=\"1 minuto\" \/>\n<script type=\"application\/ld+json\" class=\"yoast-schema-graph\">{\"@context\":\"https:\/\/schema.org\",\"@graph\":[{\"@type\":\"WebPage\",\"@id\":\"https:\/\/www.montsport.es\/es\/experiencia\/silver-travel\/\",\"url\":\"https:\/\/www.montsport.es\/es\/experiencia\/silver-travel\/\",\"name\":\"SILVER TRAVEL - Montsport\",\"isPartOf\":{\"@id\":\"https:\/\/www.montsport.es\/es\/#website\"},\"primaryImageOfPage\":{\"@id\":\"https:\/\/www.montsport.es\/es\/experiencia\/silver-travel\/#primaryimage\"},\"image\":{\"@id\":\"https:\/\/www.montsport.es\/es\/experiencia\/silver-travel\/#primaryimage\"},\"thumbnailUrl\":\"https:\/\/www.montsport.es\/wp-content\/uploads\/2025\/11\/dos-mujeres-mayores-cruzando-un-puente-de-piedra-mientras-estan-en-la-naturaleza.jpg\",\"datePublished\":\"2025-11-05T17:15:20+00:00\",\"dateModified\":\"2025-11-06T11:19:20+00:00\",\"breadcrumb\":{\"@id\":\"https:\/\/www.montsport.es\/es\/experiencia\/silver-travel\/#breadcrumb\"},\"inLanguage\":\"es\",\"potentialAction\":[{\"@type\":\"ReadAction\",\"target\":[\"https:\/\/www.montsport.es\/es\/experiencia\/silver-travel\/\"]}]},{\"@type\":\"ImageObject\",\"inLanguage\":\"es\",\"@id\":\"https:\/\/www.montsport.es\/es\/experiencia\/silver-travel\/#primaryimage\",\"url\":\"https:\/\/www.montsport.es\/wp-content\/uploads\/2025\/11\/dos-mujeres-mayores-cruzando-un-puente-de-piedra-mientras-estan-en-la-naturaleza.jpg\",\"contentUrl\":\"https:\/\/www.montsport.es\/wp-content\/uploads\/2025\/11\/dos-mujeres-mayores-cruzando-un-puente-de-piedra-mientras-estan-en-la-naturaleza.jpg\",\"width\":1600,\"height\":1067},{\"@type\":\"BreadcrumbList\",\"@id\":\"https:\/\/www.montsport.es\/es\/experiencia\/silver-travel\/#breadcrumb\",\"itemListElement\":[{\"@type\":\"ListItem\",\"position\":1,\"name\":\"Home\",\"item\":\"https:\/\/www.montsport.es\/es\/\"},{\"@type\":\"ListItem\",\"position\":2,\"name\":\"Experiencias\",\"item\":\"https:\/\/www.montsport.es\/experiencies-daventura-a-la-natura-a-horta-la-terra-alta\/\"},{\"@type\":\"ListItem\",\"position\":3,\"name\":\"SILVER TRAVEL\"}]},{\"@type\":\"WebSite\",\"@id\":\"https:\/\/www.montsport.es\/es\/#website\",\"url\":\"https:\/\/www.montsport.es\/es\/\",\"name\":\"Montsport\",\"description\":\"Descubre la Via Verde de la Tierras del Ebro y del Matarranya\",\"publisher\":{\"@id\":\"https:\/\/www.montsport.es\/es\/#organization\"},\"potentialAction\":[{\"@type\":\"SearchAction\",\"target\":{\"@type\":\"EntryPoint\",\"urlTemplate\":\"https:\/\/www.montsport.es\/es\/?s={search_term_string}\"},\"query-input\":\"required name=search_term_string\"}],\"inLanguage\":\"es\"},{\"@type\":\"Organization\",\"@id\":\"https:\/\/www.montsport.es\/es\/#organization\",\"name\":\"Montsport\",\"url\":\"https:\/\/www.montsport.es\/es\/\",\"logo\":{\"@type\":\"ImageObject\",\"inLanguage\":\"es\",\"@id\":\"https:\/\/www.montsport.es\/es\/#\/schema\/logo\/image\/\",\"url\":\"https:\/\/www.montsport.es\/wp-content\/uploads\/2019\/06\/logo-horitzontal.png\",\"contentUrl\":\"https:\/\/www.montsport.es\/wp-content\/uploads\/2019\/06\/logo-horitzontal.png\",\"width\":350,\"height\":100,\"caption\":\"Montsport\"},\"image\":{\"@id\":\"https:\/\/www.montsport.es\/es\/#\/schema\/logo\/image\/\"},\"sameAs\":[\"https:\/\/www.facebook.com\/Montsport.horta\/\",\"https:\/\/x.com\/montsport_horta\",\"https:\/\/www.instagram.com\/montsport\/\",\"https:\/\/www.youtube.com\/user\/MontSport10Horta\"]}]}<\/script>\n<!-- \/ Yoast SEO plugin. -->","yoast_head_json":{"title":"SILVER TRAVEL - Montsport","robots":{"index":"index","follow":"follow","max-snippet":"max-snippet:-1","max-image-preview":"max-image-preview:large","max-video-preview":"max-video-preview:-1"},"canonical":"https:\/\/www.montsport.es\/es\/experiencia\/silver-travel\/","og_locale":"es_ES","og_type":"article","og_title":"SILVER TRAVEL - Montsport","og_description":"Experiencia exclusivamente dedicada al turista silver, el viajero que visita Horta de Sant Joan y sabe valorar las actividades y tiene tiempo para disfrutarlas","og_url":"https:\/\/www.montsport.es\/es\/experiencia\/silver-travel\/","og_site_name":"Montsport","article_publisher":"https:\/\/www.facebook.com\/Montsport.horta\/","article_modified_time":"2025-11-06T11:19:20+00:00","og_image":[{"width":1600,"height":1067,"url":"https:\/\/www.montsport.es\/wp-content\/uploads\/2025\/11\/dos-mujeres-mayores-cruzando-un-puente-de-piedra-mientras-estan-en-la-naturaleza.jpg","type":"image\/jpeg"}],"twitter_card":"summary_large_image","twitter_site":"@montsport_horta","twitter_misc":{"Est. reading time":"1 minuto"},"schema":{"@context":"https:\/\/schema.org","@graph":[{"@type":"WebPage","@id":"https:\/\/www.montsport.es\/es\/experiencia\/silver-travel\/","url":"https:\/\/www.montsport.es\/es\/experiencia\/silver-travel\/","name":"SILVER TRAVEL - Montsport","isPartOf":{"@id":"https:\/\/www.montsport.es\/es\/#website"},"primaryImageOfPage":{"@id":"https:\/\/www.montsport.es\/es\/experiencia\/silver-travel\/#primaryimage"},"image":{"@id":"https:\/\/www.montsport.es\/es\/experiencia\/silver-travel\/#primaryimage"},"thumbnailUrl":"https:\/\/www.montsport.es\/wp-content\/uploads\/2025\/11\/dos-mujeres-mayores-cruzando-un-puente-de-piedra-mientras-estan-en-la-naturaleza.jpg","datePublished":"2025-11-05T17:15:20+00:00","dateModified":"2025-11-06T11:19:20+00:00","breadcrumb":{"@id":"https:\/\/www.montsport.es\/es\/experiencia\/silver-travel\/#breadcrumb"},"inLanguage":"es","potentialAction":[{"@type":"ReadAction","target":["https:\/\/www.montsport.es\/es\/experiencia\/silver-travel\/"]}]},{"@type":"ImageObject","inLanguage":"es","@id":"https:\/\/www.montsport.es\/es\/experiencia\/silver-travel\/#primaryimage","url":"https:\/\/www.montsport.es\/wp-content\/uploads\/2025\/11\/dos-mujeres-mayores-cruzando-un-puente-de-piedra-mientras-estan-en-la-naturaleza.jpg","contentUrl":"https:\/\/www.montsport.es\/wp-content\/uploads\/2025\/11\/dos-mujeres-mayores-cruzando-un-puente-de-piedra-mientras-estan-en-la-naturaleza.jpg","width":1600,"height":1067},{"@type":"BreadcrumbList","@id":"https:\/\/www.montsport.es\/es\/experiencia\/silver-travel\/#breadcrumb","itemListElement":[{"@type":"ListItem","position":1,"name":"Home","item":"https:\/\/www.montsport.es\/es\/"},{"@type":"ListItem","position":2,"name":"Experiencias","item":"https:\/\/www.montsport.es\/experiencies-daventura-a-la-natura-a-horta-la-terra-alta\/"},{"@type":"ListItem","position":3,"name":"SILVER TRAVEL"}]},{"@type":"WebSite","@id":"https:\/\/www.montsport.es\/es\/#website","url":"https:\/\/www.montsport.es\/es\/","name":"Montsport","description":"Descubre la Via Verde de la Tierras del Ebro y del Matarranya","publisher":{"@id":"https:\/\/www.montsport.es\/es\/#organization"},"potentialAction":[{"@type":"SearchAction","target":{"@type":"EntryPoint","urlTemplate":"https:\/\/www.montsport.es\/es\/?s={search_term_string}"},"query-input":"required name=search_term_string"}],"inLanguage":"es"},{"@type":"Organization","@id":"https:\/\/www.montsport.es\/es\/#organization","name":"Montsport","url":"https:\/\/www.montsport.es\/es\/","logo":{"@type":"ImageObject","inLanguage":"es","@id":"https:\/\/www.montsport.es\/es\/#\/schema\/logo\/image\/","url":"https:\/\/www.montsport.es\/wp-content\/uploads\/2019\/06\/logo-horitzontal.png","contentUrl":"https:\/\/www.montsport.es\/wp-content\/uploads\/2019\/06\/logo-horitzontal.png","width":350,"height":100,"caption":"Montsport"},"image":{"@id":"https:\/\/www.montsport.es\/es\/#\/schema\/logo\/image\/"},"sameAs":["https:\/\/www.facebook.com\/Montsport.horta\/","https:\/\/x.com\/montsport_horta","https:\/\/www.instagram.com\/montsport\/","https:\/\/www.youtube.com\/user\/MontSport10Horta"]}]}},"_links":{"self":[{"href":"https:\/\/www.montsport.es\/es\/wp-json\/wp\/v2\/product\/58297"}],"collection":[{"href":"https:\/\/www.montsport.es\/es\/wp-json\/wp\/v2\/product"}],"about":[{"href":"https:\/\/www.montsport.es\/es\/wp-json\/wp\/v2\/types\/product"}],"replies":[{"embeddable":true,"href":"https:\/\/www.montsport.es\/es\/wp-json\/wp\/v2\/comments?post=58297"}],"wp:featuredmedia":[{"embeddable":true,"href":"https:\/\/www.montsport.es\/es\/wp-json\/wp\/v2\/media\/58294"}],"wp:attachment":[{"href":"https:\/\/www.montsport.es\/es\/wp-json\/wp\/v2\/media?parent=58297"}],"wp:term":[{"taxonomy":"product_cat","embeddable":true,"href":"https:\/\/www.montsport.es\/es\/wp-json\/wp\/v2\/product_cat?post=58297"},{"taxonomy":"product_tag","embeddable":true,"href":"https:\/\/www.montsport.es\/es\/wp-json\/wp\/v2\/product_tag?post=58297"}],"curies":[{"name":"wp","href":"https:\/\/api.w.org\/{rel}","templated":true}]}}